{"id":3214,"date":"2015-07-03T09:44:57","date_gmt":"2015-07-03T09:44:57","guid":{"rendered":"http:\/\/jacquesmorelphotography.com\/?page_id=3214"},"modified":"2017-06-19T13:53:15","modified_gmt":"2017-06-19T17:53:15","slug":"a-propos-photographe-professionnel","status":"publish","type":"page","link":"https:\/\/jacquesmorelphotography.com\/fr\/a-propos-photographe-professionnel\/","title":{"rendered":"\u00c0 propos"},"content":{"rendered":"<div class=\"standard_wrapper\">\n<div  class=\"one_third withsmallpadding ppb_header \" style=\"text-align:left;padding:30px 0 30px 0;\" >\n<div class=\"page_content_wrapper\">\n<div class=\"inner\">\n<div style=\"margin:auto;width:100%\">\n<h1 class=\"ppb_title\" style=\"\">Jacques Morel<\/h1>\n<hr class=\"title_break left\" style=\"\"\/>\n<div class=\"ppb_header_content\">\n<div class=\"gauche\">\n<span style=\"color: #ffffff;\"><img loading=\"lazy\" decoding=\"async\" class=\"bloc-about alignnone wp-image-6625 size-full\" src=\"http:\/\/jacquesmorelphotography.com\/wp-content\/uploads\/2015\/07\/jacques-morel-photography.jpg\" alt=\"\" width=\"332\" height=\"675\" \/>.<\/span>\n<\/div>\n<\/div>\n<\/div>\n<\/div>\n<\/div>\n<\/div>\n<\/div>\n<div class=\"standard_wrapper\">\n<div  class=\"two_third last withsmallpadding ppb_text\" style=\"padding:30px 0 30px 0;\" >\n<div class=\"standard_wrapper\">\n<div class=\"page_content_wrapper\">\n<div class=\"inner\">\n<div style=\"margin:auto;width:100%\">\n<p>J\u2019ai eu le privil\u00e8ge de voyager \u00e0 travers le monde \u00e0 diff\u00e9rentes occasions. De par mon travail dans l\u2019univers du sport de haut niveau et dans des pays merveilleux, comme le Canada ou j\u2019habite la plupart du temps, lorsque je ne suis pas sur le continent Europ\u00e9en.<\/p>\n<p>La photo a toujours \u00e9t\u00e9 en moi et autour de moi, dans ma famille, avec surtout un p\u00e8re aventurier qui a travers\u00e9 les continents. Il a ramen\u00e9 des images fantastiques de ses exp\u00e9ditions qui ont assur\u00e9ment d\u00e9clench\u00e9 en moi cette passion.<\/p>\n<p>Depuis toujours, ma philosophie \u00e9tait de pouvoir partager par la photo, les choses merveilleuses que je pouvais voir ou que j\u2019avais le bonheur de d\u00e9couvrir.<\/p>\n<p>Je travaille simplement en recherche permanente des meilleurs \u00e9clairages, vitesses, angles de prises, comme un artiste que je pense \u00eatre.<\/p>\n<p>Je passe des heures, des jours, des mois pour \u00e9tudier tel ou tel sujet, afin d\u2019obtenir la satisfaction de la photo que je cherche. J\u2019ai mis en application cette m\u00e9thode dans pas mal de domaines, notamment aux Jeux Olympique de Londres, ce qui m\u2019a valu de l\u00e9gitimes et valorisantes reconnaissances.<\/p>\n<p>Je vous propose de partager ma passion en d\u00e9couvrant une s\u00e9lection de mes photos sur mon site web.<\/p>\n<p><strong><a href=\"https:\/\/jacquesmorelphotography.com\/fr\/contact-photo-professionnelle\/\">Contactez-moi<\/a><\/strong> pour vos projets, pour tout int\u00e9r\u00eat, pour toute commande ou toute proposition de travail de photo.<\/p>\n<\/div>\n<\/div>\n<\/div>\n<\/div>\n<\/div>\n<\/div>\n<div class=\"standard_wrapper\">\n<div  class=\"one_third withsmallpadding ppb_text\" style=\"padding:30px 0 30px 0;\" >\n<div class=\"standard_wrapper\">\n<div class=\"page_content_wrapper\">\n<div class=\"inner\">\n<div style=\"margin:auto;width:100%\"><\/div>\n<\/div>\n<\/div>\n<\/div>\n<\/div>\n<\/div>\n<div class=\"standard_wrapper\">\n<div  class=\"two_third last withsmallpadding ppb_text\" style=\"padding:30px 0 30px 0;\" >\n<div class=\"standard_wrapper\">\n<div class=\"page_content_wrapper\">\n<div class=\"inner\">\n<div style=\"margin:auto;width:100%\">\n<div class=\"texte-signature\">\n<img loading=\"lazy\" decoding=\"async\" class=\"signature alignnone wp-image-6607 size-full\" src=\"http:\/\/jacquesmorelphotography.com\/wp-content\/uploads\/2015\/07\/signature3.jpg\" alt=\"\" width=\"250\" height=\"152\" \/><\/p>\n<hr \/>\n<p><strong>Associations :<\/strong><\/p>\n<p>&#8211; IAPP international association of Press photographers<br \/>\n&#8211; Image without frontierphotographer\n<\/p>\n<\/div>\n<\/div>\n<\/div>\n<\/div>\n<\/div>\n<\/div>\n<\/div>\n","protected":false},"excerpt":{"rendered":"","protected":false},"author":1,"featured_media":5904,"parent":0,"menu_order":0,"comment_status":"open","ping_status":"closed","template":"","meta":{"footnotes":""},"class_list":["post-3214","page","type-page","status-publish","has-post-thumbnail","hentry"],"yoast_head":"<!-- This site is optimized with the Yoast SEO plugin v26.9 - https:\/\/yoast.com\/product\/yoast-seo-wordpress\/ -->\n<title>Photographe professionnel - \u00c0 propos - Jacques Morel Photography<\/title>\n<meta name=\"description\" content=\"En savoir plus \u00e0 propos d&#039;un photographe professionnel. Contactez Jacques Morel pour en conna\u00eetre plus sur ses photos et son portfolio.\" \/>\n<meta name=\"robots\" content=\"index, follow, max-snippet:-1, max-image-preview:large, max-video-preview:-1\" \/>\n<link rel=\"canonical\" href=\"https:\/\/jacquesmorelphotography.com\/fr\/a-propos-photographe-professionnel\/\" \/>\n<meta property=\"og:locale\" content=\"fr_FR\" \/>\n<meta property=\"og:type\" content=\"article\" \/>\n<meta property=\"og:title\" content=\"Photographe professionnel - \u00c0 propos - Jacques Morel Photography\" \/>\n<meta property=\"og:description\" content=\"En savoir plus \u00e0 propos d&#039;un photographe professionnel. Contactez Jacques Morel pour en conna\u00eetre plus sur ses photos et son portfolio.\" \/>\n<meta property=\"og:url\" content=\"https:\/\/jacquesmorelphotography.com\/fr\/a-propos-photographe-professionnel\/\" \/>\n<meta property=\"og:site_name\" content=\"Jacques Morel\" \/>\n<meta property=\"article:modified_time\" content=\"2017-06-19T17:53:15+00:00\" \/>\n<meta property=\"og:image\" content=\"https:\/\/jacquesmorelphotography.com\/wp-content\/uploads\/2016\/12\/castle-mountain.jpg\" \/>\n\t<meta property=\"og:image:width\" content=\"1620\" \/>\n\t<meta property=\"og:image:height\" content=\"1080\" \/>\n\t<meta property=\"og:image:type\" content=\"image\/jpeg\" \/>\n<meta name=\"twitter:card\" content=\"summary_large_image\" \/>\n<meta name=\"twitter:label1\" content=\"Dur\u00e9e de lecture estim\u00e9e\" \/>\n\t<meta name=\"twitter:data1\" content=\"1 minute\" \/>\n<script type=\"application\/ld+json\" class=\"yoast-schema-graph\">{\"@context\":\"https:\/\/schema.org\",\"@graph\":[{\"@type\":\"WebPage\",\"@id\":\"https:\/\/jacquesmorelphotography.com\/fr\/a-propos-photographe-professionnel\/\",\"url\":\"https:\/\/jacquesmorelphotography.com\/fr\/a-propos-photographe-professionnel\/\",\"name\":\"Photographe professionnel - \u00c0 propos - Jacques Morel Photography\",\"isPartOf\":{\"@id\":\"https:\/\/jacquesmorelphotography.com\/#website\"},\"primaryImageOfPage\":{\"@id\":\"https:\/\/jacquesmorelphotography.com\/fr\/a-propos-photographe-professionnel\/#primaryimage\"},\"image\":{\"@id\":\"https:\/\/jacquesmorelphotography.com\/fr\/a-propos-photographe-professionnel\/#primaryimage\"},\"thumbnailUrl\":\"https:\/\/jacquesmorelphotography.com\/wp-content\/uploads\/2016\/12\/castle-mountain.jpg\",\"datePublished\":\"2015-07-03T09:44:57+00:00\",\"dateModified\":\"2017-06-19T17:53:15+00:00\",\"description\":\"En savoir plus \u00e0 propos d'un photographe professionnel. Contactez Jacques Morel pour en conna\u00eetre plus sur ses photos et son portfolio.\",\"breadcrumb\":{\"@id\":\"https:\/\/jacquesmorelphotography.com\/fr\/a-propos-photographe-professionnel\/#breadcrumb\"},\"inLanguage\":\"fr-FR\",\"potentialAction\":[{\"@type\":\"ReadAction\",\"target\":[\"https:\/\/jacquesmorelphotography.com\/fr\/a-propos-photographe-professionnel\/\"]}]},{\"@type\":\"ImageObject\",\"inLanguage\":\"fr-FR\",\"@id\":\"https:\/\/jacquesmorelphotography.com\/fr\/a-propos-photographe-professionnel\/#primaryimage\",\"url\":\"https:\/\/jacquesmorelphotography.com\/wp-content\/uploads\/2016\/12\/castle-mountain.jpg\",\"contentUrl\":\"https:\/\/jacquesmorelphotography.com\/wp-content\/uploads\/2016\/12\/castle-mountain.jpg\",\"width\":1620,\"height\":1080},{\"@type\":\"BreadcrumbList\",\"@id\":\"https:\/\/jacquesmorelphotography.com\/fr\/a-propos-photographe-professionnel\/#breadcrumb\",\"itemListElement\":[{\"@type\":\"ListItem\",\"position\":1,\"name\":\"Home\",\"item\":\"https:\/\/jacquesmorelphotography.com\/fr\/\"},{\"@type\":\"ListItem\",\"position\":2,\"name\":\"\u00c0 propos\"}]},{\"@type\":\"WebSite\",\"@id\":\"https:\/\/jacquesmorelphotography.com\/#website\",\"url\":\"https:\/\/jacquesmorelphotography.com\/\",\"name\":\"Jacques Morel\",\"description\":\"Photography\",\"potentialAction\":[{\"@type\":\"SearchAction\",\"target\":{\"@type\":\"EntryPoint\",\"urlTemplate\":\"https:\/\/jacquesmorelphotography.com\/?s={search_term_string}\"},\"query-input\":{\"@type\":\"PropertyValueSpecification\",\"valueRequired\":true,\"valueName\":\"search_term_string\"}}],\"inLanguage\":\"fr-FR\"}]}<\/script>\n<!-- \/ Yoast SEO plugin. -->","yoast_head_json":{"title":"Photographe professionnel - \u00c0 propos - Jacques Morel Photography","description":"En savoir plus \u00e0 propos d'un photographe professionnel. Contactez Jacques Morel pour en conna\u00eetre plus sur ses photos et son portfolio.","robots":{"index":"index","follow":"follow","max-snippet":"max-snippet:-1","max-image-preview":"max-image-preview:large","max-video-preview":"max-video-preview:-1"},"canonical":"https:\/\/jacquesmorelphotography.com\/fr\/a-propos-photographe-professionnel\/","og_locale":"fr_FR","og_type":"article","og_title":"Photographe professionnel - \u00c0 propos - Jacques Morel Photography","og_description":"En savoir plus \u00e0 propos d'un photographe professionnel. Contactez Jacques Morel pour en conna\u00eetre plus sur ses photos et son portfolio.","og_url":"https:\/\/jacquesmorelphotography.com\/fr\/a-propos-photographe-professionnel\/","og_site_name":"Jacques Morel","article_modified_time":"2017-06-19T17:53:15+00:00","og_image":[{"width":1620,"height":1080,"url":"https:\/\/jacquesmorelphotography.com\/wp-content\/uploads\/2016\/12\/castle-mountain.jpg","type":"image\/jpeg"}],"twitter_card":"summary_large_image","twitter_misc":{"Dur\u00e9e de lecture estim\u00e9e":"1 minute"},"schema":{"@context":"https:\/\/schema.org","@graph":[{"@type":"WebPage","@id":"https:\/\/jacquesmorelphotography.com\/fr\/a-propos-photographe-professionnel\/","url":"https:\/\/jacquesmorelphotography.com\/fr\/a-propos-photographe-professionnel\/","name":"Photographe professionnel - \u00c0 propos - Jacques Morel Photography","isPartOf":{"@id":"https:\/\/jacquesmorelphotography.com\/#website"},"primaryImageOfPage":{"@id":"https:\/\/jacquesmorelphotography.com\/fr\/a-propos-photographe-professionnel\/#primaryimage"},"image":{"@id":"https:\/\/jacquesmorelphotography.com\/fr\/a-propos-photographe-professionnel\/#primaryimage"},"thumbnailUrl":"https:\/\/jacquesmorelphotography.com\/wp-content\/uploads\/2016\/12\/castle-mountain.jpg","datePublished":"2015-07-03T09:44:57+00:00","dateModified":"2017-06-19T17:53:15+00:00","description":"En savoir plus \u00e0 propos d'un photographe professionnel. Contactez Jacques Morel pour en conna\u00eetre plus sur ses photos et son portfolio.","breadcrumb":{"@id":"https:\/\/jacquesmorelphotography.com\/fr\/a-propos-photographe-professionnel\/#breadcrumb"},"inLanguage":"fr-FR","potentialAction":[{"@type":"ReadAction","target":["https:\/\/jacquesmorelphotography.com\/fr\/a-propos-photographe-professionnel\/"]}]},{"@type":"ImageObject","inLanguage":"fr-FR","@id":"https:\/\/jacquesmorelphotography.com\/fr\/a-propos-photographe-professionnel\/#primaryimage","url":"https:\/\/jacquesmorelphotography.com\/wp-content\/uploads\/2016\/12\/castle-mountain.jpg","contentUrl":"https:\/\/jacquesmorelphotography.com\/wp-content\/uploads\/2016\/12\/castle-mountain.jpg","width":1620,"height":1080},{"@type":"BreadcrumbList","@id":"https:\/\/jacquesmorelphotography.com\/fr\/a-propos-photographe-professionnel\/#breadcrumb","itemListElement":[{"@type":"ListItem","position":1,"name":"Home","item":"https:\/\/jacquesmorelphotography.com\/fr\/"},{"@type":"ListItem","position":2,"name":"\u00c0 propos"}]},{"@type":"WebSite","@id":"https:\/\/jacquesmorelphotography.com\/#website","url":"https:\/\/jacquesmorelphotography.com\/","name":"Jacques Morel","description":"Photography","potentialAction":[{"@type":"SearchAction","target":{"@type":"EntryPoint","urlTemplate":"https:\/\/jacquesmorelphotography.com\/?s={search_term_string}"},"query-input":{"@type":"PropertyValueSpecification","valueRequired":true,"valueName":"search_term_string"}}],"inLanguage":"fr-FR"}]}},"_links":{"self":[{"href":"https:\/\/jacquesmorelphotography.com\/fr\/wp-json\/wp\/v2\/pages\/3214","targetHints":{"allow":["GET"]}}],"collection":[{"href":"https:\/\/jacquesmorelphotography.com\/fr\/wp-json\/wp\/v2\/pages"}],"about":[{"href":"https:\/\/jacquesmorelphotography.com\/fr\/wp-json\/wp\/v2\/types\/page"}],"author":[{"embeddable":true,"href":"https:\/\/jacquesmorelphotography.com\/fr\/wp-json\/wp\/v2\/users\/1"}],"replies":[{"embeddable":true,"href":"https:\/\/jacquesmorelphotography.com\/fr\/wp-json\/wp\/v2\/comments?post=3214"}],"version-history":[{"count":10,"href":"https:\/\/jacquesmorelphotography.com\/fr\/wp-json\/wp\/v2\/pages\/3214\/revisions"}],"predecessor-version":[{"id":6671,"href":"https:\/\/jacquesmorelphotography.com\/fr\/wp-json\/wp\/v2\/pages\/3214\/revisions\/6671"}],"wp:featuredmedia":[{"embeddable":true,"href":"https:\/\/jacquesmorelphotography.com\/fr\/wp-json\/wp\/v2\/media\/5904"}],"wp:attachment":[{"href":"https:\/\/jacquesmorelphotography.com\/fr\/wp-json\/wp\/v2\/media?parent=3214"}],"curies":[{"name":"wp","href":"https:\/\/api.w.org\/{rel}","templated":true}]}}